{"id":20154,"date":"2025-04-02T11:23:40","date_gmt":"2025-04-02T09:23:40","guid":{"rendered":"https:\/\/asleman.org\/?page_id=20154"},"modified":"2026-04-30T17:07:27","modified_gmt":"2026-04-30T15:07:27","slug":"inscriptionag","status":"publish","type":"page","link":"http:\/\/asleman.org\/en\/inscriptionag\/","title":{"rendered":"General Meeting registration"},"content":{"rendered":"\t\t<div data-elementor-type=\"wp-page\" data-elementor-id=\"20154\" class=\"elementor elementor-20154\" data-elementor-post-type=\"page\">\n\t\t\t\t<div class=\"elementor-element elementor-element-7a58b95 e-flex e-con-boxed e-con e-parent\" data-id=\"7a58b95\" data-element_type=\"container\" data-e-type=\"container\">\n\t\t\t\t\t<div class=\"e-con-inner\">\n\t\t\t\t<div class=\"elementor-element elementor-element-b8438ab elementor-widget elementor-widget-heading\" data-id=\"b8438ab\" data-element_type=\"widget\" data-e-type=\"widget\" data-widget_type=\"heading.default\">\n\t\t\t\t<div class=\"elementor-widget-container\">\n\t\t\t\t\t<h2 class=\"elementor-heading-title elementor-size-default\">Formulaire d'inscription \u00e0 la 46\u00e8me Assembl\u00e9e g\u00e9n\u00e9rale de l'ASL du 11\u00a0juin 2026\u00a0\u00e0 Port-Choiseul, Versoix (GE)<\/h2>\t\t\t\t<\/div>\n\t\t\t\t<\/div>\n\t\t\t\t<div class=\"elementor-element elementor-element-d080060 elementor-widget elementor-widget-qi_addons_for_elementor_wp_forms\" data-id=\"d080060\" data-element_type=\"widget\" data-e-type=\"widget\" data-widget_type=\"qi_addons_for_elementor_wp_forms.default\">\n\t\t\t\t<div class=\"elementor-widget-container\">\n\t\t\t\t\t<div class=\"qodef-shortcode qodef-m qodef-qi-wp-forms\">\n\t<style id=\"wpforms-css-vars-20157\">\n\t\t\t\t#wpforms-20157 {\n\t\t\t\t--wpforms-field-size-input-height: 43px;\n--wpforms-field-size-input-spacing: 15px;\n--wpforms-field-size-font-size: 16px;\n--wpforms-field-size-line-height: 19px;\n--wpforms-field-size-padding-h: 14px;\n--wpforms-field-size-checkbox-size: 16px;\n--wpforms-field-size-sublabel-spacing: 5px;\n--wpforms-field-size-icon-size: 1;\n--wpforms-label-size-font-size: 16px;\n--wpforms-label-size-line-height: 19px;\n--wpforms-label-size-sublabel-font-size: 14px;\n--wpforms-label-size-sublabel-line-height: 17px;\n--wpforms-button-size-font-size: 17px;\n--wpforms-button-size-height: 41px;\n--wpforms-button-size-padding-h: 15px;\n--wpforms-button-size-margin-top: 10px;\n--wpforms-container-shadow-size-box-shadow: none;\n\t\t\t}\n\t\t\t<\/style><div class=\"wpforms-container wpforms-container-full wpforms-render-modern\" id=\"wpforms-20157\"><form id=\"wpforms-form-20157\" class=\"wpforms-validate wpforms-form wpforms-ajax-form\" data-formid=\"20157\" method=\"post\" enctype=\"multipart\/form-data\" action=\"\/en\/wp-json\/wp\/v2\/pages\/20154\" data-token=\"98b20b268d89594c33cfc9e22bc5a4fd\" data-token-time=\"1778081550\"><noscript class=\"wpforms-error-noscript\">Please enable JavaScript in your browser to complete this form.<\/noscript><div id=\"wpforms-error-noscript\" style=\"display: none;\">Please enable JavaScript in your browser to complete this form.<\/div><div class=\"wpforms-field-container\"><div id=\"wpforms-20157-field_1-container\" class=\"wpforms-field wpforms-field-name\" data-field-id=\"1\"><fieldset><legend class=\"wpforms-field-label\">Pr\u00e9nom et Nom <span class=\"wpforms-required-label\" aria-hidden=\"true\">*<\/span><\/legend><div class=\"wpforms-field-row wpforms-field-medium\"><div class=\"wpforms-field-row-block wpforms-first wpforms-one-half\"><input type=\"text\" id=\"wpforms-20157-field_1\" class=\"wpforms-field-name-first wpforms-field-required\" name=\"wpforms[fields][1][first]\" aria-errormessage=\"wpforms-20157-field_1-error\" required><label for=\"wpforms-20157-field_1\" class=\"wpforms-field-sublabel after\">First<\/label><\/div><div class=\"wpforms-field-row-block wpforms-one-half\"><input type=\"text\" id=\"wpforms-20157-field_1-last\" class=\"wpforms-field-name-last wpforms-field-required\" name=\"wpforms[fields][1][last]\" aria-errormessage=\"wpforms-20157-field_1-last-error\" required><label for=\"wpforms-20157-field_1-last\" class=\"wpforms-field-sublabel after\">Last<\/label><\/div><\/div><\/fieldset><\/div><div id=\"wpforms-20157-field_2-container\" class=\"wpforms-field wpforms-field-email\" data-field-id=\"2\"><label class=\"wpforms-field-label\" for=\"wpforms-20157-field_2\">E-mail <span class=\"wpforms-required-label\" aria-hidden=\"true\">*<\/span><\/label><input type=\"email\" id=\"wpforms-20157-field_2\" class=\"wpforms-field-medium wpforms-field-required\" name=\"wpforms[fields][2]\" spellcheck=\"false\" aria-errormessage=\"wpforms-20157-field_2-error\" required><\/div><div id=\"wpforms-20157-field_4-container\" class=\"wpforms-field wpforms-field-phone\" data-field-id=\"4\"><label class=\"wpforms-field-label\" for=\"wpforms-20157-field_4\">T\u00e9l\u00e9phone <span class=\"wpforms-required-label\" aria-hidden=\"true\">*<\/span><\/label><input type=\"tel\" id=\"wpforms-20157-field_4\" class=\"wpforms-field-medium wpforms-field-required\" data-rule-int-phone-field=\"true\" name=\"wpforms[fields][4]\" aria-label=\"T\u00e9l\u00e9phone\" aria-errormessage=\"wpforms-20157-field_4-error\" required><\/div><div id=\"wpforms-20157-field_5-container\" class=\"wpforms-field wpforms-field-text\" data-field-id=\"5\"><label class=\"wpforms-field-label\" for=\"wpforms-20157-field_5\">Institution \/ Entreprise<\/label><input type=\"text\" id=\"wpforms-20157-field_5\" class=\"wpforms-field-medium\" name=\"wpforms[fields][5]\" aria-errormessage=\"wpforms-20157-field_5-error\" ><\/div><div id=\"wpforms-20157-field_11-container\" class=\"wpforms-field wpforms-field-select wpforms-field-select-style-classic\" data-field-id=\"11\"><label class=\"wpforms-field-label\" for=\"wpforms-20157-field_11\">J&#039;inscris : <span class=\"wpforms-required-label\" aria-hidden=\"true\">*<\/span><\/label><select id=\"wpforms-20157-field_11\" class=\"wpforms-field-medium wpforms-field-required\" name=\"wpforms[fields][11]\" required=\"required\"><option value=\"1 personne\"  class=\"choice-1 depth-1\"  >1 personne<\/option><option value=\"2 personnes\"  class=\"choice-2 depth-1\"  >2 personnes<\/option><\/select><\/div><div id=\"wpforms-20157-field_12-container\" class=\"wpforms-field wpforms-field-checkbox wpforms-conditional-trigger\" data-field-id=\"12\"><fieldset><legend class=\"wpforms-field-label\">Je m&#039;\/nous inscris \u00e0 (plusieurs coches possibles) : <span class=\"wpforms-required-label\" aria-hidden=\"true\">*<\/span><\/legend><ul id=\"wpforms-20157-field_12\" class=\"wpforms-field-required\"><li class=\"choice-2 depth-1\"><input type=\"checkbox\" id=\"wpforms-20157-field_12_2\" name=\"wpforms[fields][12][]\" value=\"l&#039;Assembl\u00e9e g\u00e9n\u00e9rale \u00e0 18h30\" aria-errormessage=\"wpforms-20157-field_12_2-error\" aria-describedby=\"wpforms-20157-field_12-description\" required ><label class=\"wpforms-field-label-inline\" for=\"wpforms-20157-field_12_2\">l'Assembl\u00e9e g\u00e9n\u00e9rale \u00e0 18h30<\/label><\/li><li class=\"choice-1 depth-1\"><input type=\"checkbox\" id=\"wpforms-20157-field_12_1\" name=\"wpforms[fields][12][]\" value=\"la visite \u00e0 19h45\" aria-errormessage=\"wpforms-20157-field_12_1-error\" aria-describedby=\"wpforms-20157-field_12-description\" required ><label class=\"wpforms-field-label-inline\" for=\"wpforms-20157-field_12_1\">la visite \u00e0 19h45<\/label><\/li><li class=\"choice-3 depth-1\"><input type=\"checkbox\" id=\"wpforms-20157-field_12_3\" name=\"wpforms[fields][12][]\" value=\"au buffet \u00e0 20h30\" aria-errormessage=\"wpforms-20157-field_12_3-error\" aria-describedby=\"wpforms-20157-field_12-description\" required ><label class=\"wpforms-field-label-inline\" for=\"wpforms-20157-field_12_3\">au buffet \u00e0 20h30<\/label><\/li><\/ul><div id=\"wpforms-20157-field_12-description\" class=\"wpforms-field-description\">Participation au buffet de 35.- CHF\/EUR par personne \u00e0 payer sur place (de pr\u00e9f\u00e9rence en liquide)<\/div><\/fieldset><\/div>\t\t<div id=\"wpforms-20157-field_3-container\"\n\t\t\tclass=\"wpforms-field wpforms-field-text\"\n\t\t\tdata-field-type=\"text\"\n\t\t\tdata-field-id=\"3\"\n\t\t\t>\n\t\t\t<label class=\"wpforms-field-label\" for=\"wpforms-20157-field_3\" >et l&#039;intol\u00e9rance oui,<\/label>\n\t\t\t<input type=\"text\" id=\"wpforms-20157-field_3\" class=\"wpforms-field-medium\" name=\"wpforms[fields][3]\" >\n\t\t<\/div>\n\t\t<div id=\"wpforms-20157-field_14-container\" class=\"wpforms-field wpforms-field-select wpforms-conditional-field wpforms-conditional-show wpforms-field-select-style-classic\" data-field-id=\"14\" style=\"display:none;\"><label class=\"wpforms-field-label\" for=\"wpforms-20157-field_14\">V\u00e9g\u00e9tarien<\/label><select id=\"wpforms-20157-field_14\" class=\"wpforms-field-medium\" name=\"wpforms[fields][14]\"><option value=\"Non\"  class=\"choice-2 depth-1\"  >Non<\/option><option value=\"Oui\"  class=\"choice-1 depth-1\"  >Oui<\/option><\/select><\/div><div id=\"wpforms-20157-field_15-container\" class=\"wpforms-field wpforms-field-select wpforms-conditional-field wpforms-conditional-show wpforms-conditional-trigger wpforms-field-select-style-classic\" data-field-id=\"15\" style=\"display:none;\"><label class=\"wpforms-field-label\" for=\"wpforms-20157-field_15\">Intol\u00e9rance alimentaire<\/label><select id=\"wpforms-20157-field_15\" class=\"wpforms-field-medium\" name=\"wpforms[fields][15]\"><option value=\"Non\"  class=\"choice-2 depth-1\"  >Non<\/option><option value=\"Oui\"  class=\"choice-1 depth-1\"  >Oui<\/option><\/select><\/div><div id=\"wpforms-20157-field_16-container\" class=\"wpforms-field wpforms-field-text wpforms-conditional-field wpforms-conditional-show\" data-field-id=\"16\" style=\"display:none;\"><label class=\"wpforms-field-label\" for=\"wpforms-20157-field_16\">Si oui, pr\u00e9ciser l&#039;intol\u00e9rance <span class=\"wpforms-required-label\" aria-hidden=\"true\">*<\/span><\/label><input type=\"text\" id=\"wpforms-20157-field_16\" class=\"wpforms-field-medium wpforms-field-required\" name=\"wpforms[fields][16]\" aria-errormessage=\"wpforms-20157-field_16-error\" required><\/div><script>\n\t\t\t\t( function() {\n\t\t\t\t\tconst style = document.createElement( 'style' );\n\t\t\t\t\tstyle.appendChild( document.createTextNode( '#wpforms-20157-field_3-container { position: absolute !important; overflow: hidden !important; display: inline !important; height: 1px !important; width: 1px !important; z-index: -1000 !important; padding: 0 !important; } #wpforms-20157-field_3-container input { visibility: hidden; } #wpforms-conversational-form-page #wpforms-20157-field_3-container label { counter-increment: none; }' ) );\n\t\t\t\t\tdocument.head.appendChild( style );\n\t\t\t\t\tdocument.currentScript?.remove();\n\t\t\t\t} )();\n\t\t\t<\/script><\/div><!-- .wpforms-field-container --><div class=\"wpforms-submit-container\" ><input type=\"hidden\" name=\"wpforms[id]\" value=\"20157\"><input type=\"hidden\" name=\"page_title\" value=\"\"><input type=\"hidden\" name=\"page_url\" value=\"http:\/\/asleman.org\/en\/wp-json\/wp\/v2\/pages\/20154\"><input type=\"hidden\" name=\"url_referer\" value=\"\"><button type=\"submit\" name=\"wpforms[submit]\" id=\"wpforms-submit-20157\" class=\"wpforms-submit\" data-alt-text=\"Envoi...\" data-submit-text=\"Envoyer\" aria-live=\"assertive\" value=\"wpforms-submit\">Envoyer<\/button><img decoding=\"async\" src=\"http:\/\/asleman.org\/wp-content\/plugins\/wpforms\/assets\/images\/submit-spin.svg\" class=\"wpforms-submit-spinner\" style=\"display: none;\" width=\"26\" height=\"26\" alt=\"Loading\"><\/div><\/form><\/div>  <!-- .wpforms-container --><\/div>\n\t\t\t\t<\/div>\n\t\t\t\t<\/div>\n\t\t\t\t\t<\/div>\n\t\t\t\t<\/div>\n\t\t\t\t<\/div>\n\t\t","protected":false},"excerpt":{"rendered":"<p>Formulaire d&#8217;inscription \u00e0 la 46\u00e8me Assembl\u00e9e g\u00e9n\u00e9rale de l&#8217;ASL du 11\u00a0juin 2026\u00a0\u00e0 Port-Choiseul, Versoix (GE) Veuillez activer JavaScript dans votre navigateur pour remplir ce formulaire.Veuillez activer JavaScript dans votre navigateur pour remplir ce formulaire. Pr\u00e9nom et Nom * Pr\u00e9nomNom E-mail *T\u00e9l\u00e9phone * Institution \/ EntrepriseJ&#039;inscris : *1 personne2 personnes Je m&#039;\/nous inscris \u00e0 (plusieurs coches [&hellip;]<\/p>\n","protected":false},"author":4,"featured_media":0,"parent":0,"menu_order":0,"comment_status":"closed","ping_status":"closed","template":"elementor_header_footer","meta":{"_acf_changed":false,"_seopress_robots_primary_cat":"","_seopress_titles_title":"","_seopress_titles_desc":"","_seopress_robots_index":"","footnotes":""},"class_list":["post-20154","page","type-page","status-publish","hentry"],"acf":[],"ase":null,"_links":{"self":[{"href":"http:\/\/asleman.org\/en\/wp-json\/wp\/v2\/pages\/20154","targetHints":{"allow":["GET"]}}],"collection":[{"href":"http:\/\/asleman.org\/en\/wp-json\/wp\/v2\/pages"}],"about":[{"href":"http:\/\/asleman.org\/en\/wp-json\/wp\/v2\/types\/page"}],"author":[{"embeddable":true,"href":"http:\/\/asleman.org\/en\/wp-json\/wp\/v2\/users\/4"}],"replies":[{"embeddable":true,"href":"http:\/\/asleman.org\/en\/wp-json\/wp\/v2\/comments?post=20154"}],"version-history":[{"count":13,"href":"http:\/\/asleman.org\/en\/wp-json\/wp\/v2\/pages\/20154\/revisions"}],"predecessor-version":[{"id":22739,"href":"http:\/\/asleman.org\/en\/wp-json\/wp\/v2\/pages\/20154\/revisions\/22739"}],"wp:attachment":[{"href":"http:\/\/asleman.org\/en\/wp-json\/wp\/v2\/media?parent=20154"}],"curies":[{"name":"wp","href":"https:\/\/api.w.org\/{rel}","templated":true}]}}