{"id":18609,"date":"2024-10-15T12:13:39","date_gmt":"2024-10-15T10:13:39","guid":{"rendered":"https:\/\/asleman.org\/?page_id=18609"},"modified":"2026-01-14T11:29:10","modified_gmt":"2026-01-14T10:29:10","slug":"inscription-evenement-grand-public","status":"publish","type":"page","link":"https:\/\/asleman.org\/en\/inscription-evenement-grand-public\/","title":{"rendered":"Inscription \u00e9v\u00e8nement grand public"},"content":{"rendered":"\t\t<div data-elementor-type=\"wp-page\" data-elementor-id=\"18609\" class=\"elementor elementor-18609\" data-elementor-post-type=\"page\">\n\t\t\t\t<div class=\"elementor-element elementor-element-5828aa4 e-flex e-con-boxed e-con e-parent\" data-id=\"5828aa4\" data-element_type=\"container\" data-e-type=\"container\">\n\t\t\t\t\t<div class=\"e-con-inner\">\n\t\t\t\t<div class=\"elementor-element elementor-element-0f7653e elementor-widget elementor-widget-heading\" data-id=\"0f7653e\" data-element_type=\"widget\" data-e-type=\"widget\" data-widget_type=\"heading.default\">\n\t\t\t\t<div class=\"elementor-widget-container\">\n\t\t\t\t\t<h2 class=\"elementor-heading-title elementor-size-default\">Inscription aux \u00e9v\u00e9nements publics de l'ASL<\/h2>\t\t\t\t<\/div>\n\t\t\t\t<\/div>\n\t\t\t\t<div class=\"elementor-element elementor-element-037f13d elementor-widget elementor-widget-wpforms\" data-id=\"037f13d\" data-element_type=\"widget\" data-e-type=\"widget\" data-widget_type=\"wpforms.default\">\n\t\t\t\t<div class=\"elementor-widget-container\">\n\t\t\t\t\t<div class=\"wpforms-container wpforms-container-full wpforms-render-modern\" id=\"wpforms-22155\"><form id=\"wpforms-form-22155\" class=\"wpforms-validate wpforms-form wpforms-ajax-form\" data-formid=\"22155\" method=\"post\" enctype=\"multipart\/form-data\" action=\"\/en\/wp-json\/wp\/v2\/pages\/18609\" data-token=\"3e2d4316f405b4049a4f15ee10decdeb\" data-token-time=\"1775849401\"><noscript class=\"wpforms-error-noscript\">Please enable JavaScript in your browser to complete this form.<\/noscript><div id=\"wpforms-error-noscript\" style=\"display: none;\">Please enable JavaScript in your browser to complete this form.<\/div><div class=\"wpforms-field-container\"><div id=\"wpforms-22155-field_1-container\" class=\"wpforms-field wpforms-field-name\" data-field-id=\"1\"><fieldset><legend class=\"wpforms-field-label\">Nom <span class=\"wpforms-required-label\" aria-hidden=\"true\">*<\/span><\/legend><div class=\"wpforms-field-row wpforms-field-medium\"><div class=\"wpforms-field-row-block wpforms-first wpforms-one-half\"><input type=\"text\" id=\"wpforms-22155-field_1\" class=\"wpforms-field-name-first wpforms-field-required\" name=\"wpforms[fields][1][first]\" aria-errormessage=\"wpforms-22155-field_1-error\" required><label for=\"wpforms-22155-field_1\" class=\"wpforms-field-sublabel after\">First<\/label><\/div><div class=\"wpforms-field-row-block wpforms-one-half\"><input type=\"text\" id=\"wpforms-22155-field_1-last\" class=\"wpforms-field-name-last wpforms-field-required\" name=\"wpforms[fields][1][last]\" aria-errormessage=\"wpforms-22155-field_1-last-error\" required><label for=\"wpforms-22155-field_1-last\" class=\"wpforms-field-sublabel after\">Last<\/label><\/div><\/div><\/fieldset><\/div><div id=\"wpforms-22155-field_2-container\" class=\"wpforms-field wpforms-field-email\" data-field-id=\"2\"><label class=\"wpforms-field-label\" for=\"wpforms-22155-field_2\">E-mail <span class=\"wpforms-required-label\" aria-hidden=\"true\">*<\/span><\/label><input type=\"email\" id=\"wpforms-22155-field_2\" class=\"wpforms-field-medium wpforms-field-required\" name=\"wpforms[fields][2]\" spellcheck=\"false\" aria-errormessage=\"wpforms-22155-field_2-error\" required><\/div>\t\t<div id=\"wpforms-22155-field_4-container\"\n\t\t\tclass=\"wpforms-field wpforms-field-text\"\n\t\t\tdata-field-type=\"text\"\n\t\t\tdata-field-id=\"4\"\n\t\t\t>\n\t\t\t<label class=\"wpforms-field-label\" for=\"wpforms-22155-field_4\" >participant-es E-mail (plusieurs<\/label>\n\t\t\t<input type=\"text\" id=\"wpforms-22155-field_4\" class=\"wpforms-field-medium\" name=\"wpforms[fields][4]\" >\n\t\t<\/div>\n\t\t<div id=\"wpforms-22155-field_10-container\" class=\"wpforms-field wpforms-field-phone\" data-field-id=\"10\"><label class=\"wpforms-field-label\" for=\"wpforms-22155-field_10\">T\u00e9l\u00e9phone <span class=\"wpforms-required-label\" aria-hidden=\"true\">*<\/span><\/label><input type=\"tel\" id=\"wpforms-22155-field_10\" class=\"wpforms-field-medium wpforms-field-required wpforms-smart-phone-field\" data-rule-smart-phone-field=\"true\" name=\"wpforms[fields][10]\" aria-label=\"T\u00e9l\u00e9phone\" aria-errormessage=\"wpforms-22155-field_10-error\" required><\/div><div id=\"wpforms-22155-field_8-container\" class=\"wpforms-field wpforms-field-checkbox\" data-field-id=\"8\"><fieldset><legend class=\"wpforms-field-label\">Ev\u00e9nement(s) <span class=\"wpforms-required-label\" aria-hidden=\"true\">*<\/span><\/legend><ul id=\"wpforms-22155-field_8\" class=\"wpforms-field-required\"><li class=\"choice-2 depth-1\"><input type=\"checkbox\" id=\"wpforms-22155-field_8_2\" name=\"wpforms[fields][8][]\" value=\"5 juin : Parc Barton (GE) Journ\u00e9e mondiale de l&#039;environnement (6h30-8h30)\" aria-errormessage=\"wpforms-22155-field_8_2-error\" required ><label class=\"wpforms-field-label-inline\" for=\"wpforms-22155-field_8_2\">5 juin : Parc Barton (GE) Journ\u00e9e mondiale de l'environnement (6h30-8h30)<\/label><\/li><li class=\"choice-3 depth-1\"><input type=\"checkbox\" id=\"wpforms-22155-field_8_3\" name=\"wpforms[fields][8][]\" value=\"30 juin : Plage des Eaux-Vives (GE) Eveil du L\u00e9man (12h00-14h00)\" aria-errormessage=\"wpforms-22155-field_8_3-error\" required ><label class=\"wpforms-field-label-inline\" for=\"wpforms-22155-field_8_3\">30 juin : Plage des Eaux-Vives (GE) Eveil du L\u00e9man (12h00-14h00)<\/label><\/li><li class=\"choice-4 depth-1\"><input type=\"checkbox\" id=\"wpforms-22155-field_8_4\" name=\"wpforms[fields][8][]\" value=\"12 ao\u00fbt : Baby Plage (GE) Atelier famille (8h30-10h30)\" aria-errormessage=\"wpforms-22155-field_8_4-error\" required ><label class=\"wpforms-field-label-inline\" for=\"wpforms-22155-field_8_4\">12 ao\u00fbt : Baby Plage (GE) Atelier famille (8h30-10h30)<\/label><\/li><li class=\"choice-5 depth-1\"><input type=\"checkbox\" id=\"wpforms-22155-field_8_5\" name=\"wpforms[fields][8][]\" value=\"27 ao\u00fbt : Eaux-Vives (GE) Journ\u00e9e mondiale des lacs (17h30-19h30)\" aria-errormessage=\"wpforms-22155-field_8_5-error\" required ><label class=\"wpforms-field-label-inline\" for=\"wpforms-22155-field_8_5\">27 ao\u00fbt : Eaux-Vives (GE) Journ\u00e9e mondiale des lacs (17h30-19h30)<\/label><\/li><\/ul><\/fieldset><\/div><div id=\"wpforms-22155-field_7-container\" class=\"wpforms-field wpforms-field-select wpforms-field-select-style-classic\" data-field-id=\"7\"><label class=\"wpforms-field-label\" for=\"wpforms-22155-field_7\">Nombre de participant-es <span class=\"wpforms-required-label\" aria-hidden=\"true\">*<\/span><\/label><select id=\"wpforms-22155-field_7\" class=\"wpforms-field-medium wpforms-field-required\" name=\"wpforms[fields][7]\" required=\"required\"><option value=\"\" class=\"placeholder\" disabled  selected='selected'>--- S\u00e9lectionner un choix ---<\/option><option value=\"1\"  class=\"choice-1 depth-1\"  >1<\/option><option value=\"2\"  class=\"choice-2 depth-1\"  >2<\/option><option value=\"3\"  class=\"choice-3 depth-1\"  >3<\/option><option value=\"4\"  class=\"choice-4 depth-1\"  >4<\/option><option value=\"5\"  class=\"choice-5 depth-1\"  >5<\/option><\/select><\/div><div id=\"wpforms-22155-field_3-container\" class=\"wpforms-field wpforms-field-textarea\" data-field-id=\"3\"><label class=\"wpforms-field-label\" for=\"wpforms-22155-field_3\">Commentaire ou message<\/label><textarea id=\"wpforms-22155-field_3\" class=\"wpforms-field-medium\" name=\"wpforms[fields][3]\" aria-errormessage=\"wpforms-22155-field_3-error\" ><\/textarea><\/div><div id=\"wpforms-22155-field_9-container\" class=\"wpforms-field wpforms-field-checkbox\" data-field-id=\"9\"><fieldset><legend class=\"wpforms-field-label\">Inscriptions (plusieurs coches possibles)<\/legend><ul id=\"wpforms-22155-field_9\"><li class=\"choice-1 depth-1\"><input type=\"checkbox\" id=\"wpforms-22155-field_9_1\" name=\"wpforms[fields][9][]\" value=\"Je m&#039;inscris \u00e0 la Newsletter de l&#039;ASL (version num\u00e9rique)\" aria-errormessage=\"wpforms-22155-field_9_1-error\"  ><label class=\"wpforms-field-label-inline\" for=\"wpforms-22155-field_9_1\">Je m'inscris \u00e0 la Newsletter de l'ASL (version num\u00e9rique)<\/label><\/li><li class=\"choice-2 depth-1\"><input type=\"checkbox\" id=\"wpforms-22155-field_9_2\" name=\"wpforms[fields][9][]\" value=\"Je m&#039;inscris au trimestriel &quot;L\u00e9maniques&quot; de l&#039;ASL (version num\u00e9rique)\" aria-errormessage=\"wpforms-22155-field_9_2-error\"  ><label class=\"wpforms-field-label-inline\" for=\"wpforms-22155-field_9_2\">Je m'inscris au trimestriel \"L\u00e9maniques\" de l'ASL (version num\u00e9rique)<\/label><\/li><li class=\"choice-4 depth-1\"><input type=\"checkbox\" id=\"wpforms-22155-field_9_4\" name=\"wpforms[fields][9][]\" value=\"Je souhaite devenir membre de l&#039;ASL\" aria-errormessage=\"wpforms-22155-field_9_4-error\"  ><label class=\"wpforms-field-label-inline\" for=\"wpforms-22155-field_9_4\">Je souhaite devenir membre de l'ASL<\/label><\/li><\/ul><\/fieldset><\/div><script>\n\t\t\t\t( function() {\n\t\t\t\t\tconst style = document.createElement( 'style' );\n\t\t\t\t\tstyle.appendChild( document.createTextNode( '#wpforms-22155-field_4-container { position: absolute !important; overflow: hidden !important; display: inline !important; height: 1px !important; width: 1px !important; z-index: -1000 !important; padding: 0 !important; } #wpforms-22155-field_4-container input { visibility: hidden; } #wpforms-conversational-form-page #wpforms-22155-field_4-container label { counter-increment: none; }' ) );\n\t\t\t\t\tdocument.head.appendChild( style );\n\t\t\t\t\tdocument.currentScript?.remove();\n\t\t\t\t} )();\n\t\t\t<\/script><\/div><!-- .wpforms-field-container --><div class=\"wpforms-submit-container\" ><input type=\"hidden\" name=\"wpforms[id]\" value=\"22155\"><input type=\"hidden\" name=\"page_title\" value=\"\"><input type=\"hidden\" name=\"page_url\" value=\"https:\/\/asleman.org\/en\/wp-json\/wp\/v2\/pages\/18609\"><input type=\"hidden\" name=\"url_referer\" value=\"\"><button type=\"submit\" name=\"wpforms[submit]\" id=\"wpforms-submit-22155\" class=\"wpforms-submit\" data-alt-text=\"Envoi...\" data-submit-text=\"Envoyer\" aria-live=\"assertive\" value=\"wpforms-submit\">Envoyer<\/button><img decoding=\"async\" src=\"https:\/\/asleman.org\/wp-content\/plugins\/wpforms\/assets\/images\/submit-spin.svg\" class=\"wpforms-submit-spinner\" style=\"display: none;\" width=\"26\" height=\"26\" alt=\"Loading\"><\/div><\/form><\/div>  <!-- .wpforms-container -->\t\t\t\t<\/div>\n\t\t\t\t<\/div>\n\t\t\t\t\t<\/div>\n\t\t\t\t<\/div>\n\t\t\t\t<\/div>\n\t\t","protected":false},"excerpt":{"rendered":"<p>Inscription aux \u00e9v\u00e9nements publics de l&#8217;ASL Veuillez activer JavaScript dans votre navigateur pour remplir ce formulaire.Veuillez activer JavaScript dans votre navigateur pour remplir ce formulaire. Nom * Pr\u00e9nomNom E-mail * Ev\u00e9nement(s) * 2 f\u00e9vrier 13h-15h : Journ\u00e9e mondiale des zones humides (Eaux-Vives, GE) 2 f\u00e9vrier 15h30-17h30 : Journ\u00e9e mondiale des zones humides (Eaux-Vives, GE) Nombre [&hellip;]<\/p>\n","protected":false},"author":4,"featured_media":0,"parent":0,"menu_order":0,"comment_status":"closed","ping_status":"closed","template":"","meta":{"_acf_changed":false,"_seopress_robots_primary_cat":"","_seopress_titles_title":"","_seopress_titles_desc":"","_seopress_robots_index":"","footnotes":""},"class_list":["post-18609","page","type-page","status-publish","hentry"],"acf":[],"_links":{"self":[{"href":"https:\/\/asleman.org\/en\/wp-json\/wp\/v2\/pages\/18609","targetHints":{"allow":["GET"]}}],"collection":[{"href":"https:\/\/asleman.org\/en\/wp-json\/wp\/v2\/pages"}],"about":[{"href":"https:\/\/asleman.org\/en\/wp-json\/wp\/v2\/types\/page"}],"author":[{"embeddable":true,"href":"https:\/\/asleman.org\/en\/wp-json\/wp\/v2\/users\/4"}],"replies":[{"embeddable":true,"href":"https:\/\/asleman.org\/en\/wp-json\/wp\/v2\/comments?post=18609"}],"version-history":[{"count":14,"href":"https:\/\/asleman.org\/en\/wp-json\/wp\/v2\/pages\/18609\/revisions"}],"predecessor-version":[{"id":22177,"href":"https:\/\/asleman.org\/en\/wp-json\/wp\/v2\/pages\/18609\/revisions\/22177"}],"wp:attachment":[{"href":"https:\/\/asleman.org\/en\/wp-json\/wp\/v2\/media?parent=18609"}],"curies":[{"name":"wp","href":"https:\/\/api.w.org\/{rel}","templated":true}]}}