{"id":20578,"date":"2025-06-25T13:30:33","date_gmt":"2025-06-25T11:30:33","guid":{"rendered":"https:\/\/asleman.org\/?page_id=20578"},"modified":"2026-01-09T10:17:12","modified_gmt":"2026-01-09T09:17:12","slug":"anciennes-expos","status":"publish","type":"page","link":"https:\/\/asleman.org\/en\/anciennes-expos\/","title":{"rendered":"Past exhibitions"},"content":{"rendered":"<div data-elementor-type=\"wp-page\" data-elementor-id=\"20578\" class=\"elementor elementor-20578\" data-elementor-post-type=\"page\">\n\t\t\t\t<div class=\"elementor-element elementor-element-8e0a1b7 e-flex e-con-boxed e-con e-parent\" data-id=\"8e0a1b7\" data-element_type=\"container\" data-e-type=\"container\" data-settings=\"{&quot;background_background&quot;:&quot;classic&quot;}\">\n\t\t\t\t\t<div class=\"e-con-inner\">\n\t\t\t\t<div class=\"elementor-element elementor-element-debb39a elementor-widget elementor-widget-heading\" data-id=\"debb39a\" data-element_type=\"widget\" data-e-type=\"widget\" data-widget_type=\"heading.default\">\n\t\t\t\t<div class=\"elementor-widget-container\">\n\t\t\t\t\t<h2 class=\"elementor-heading-title elementor-size-default\">Past exhibitions<\/h2>\t\t\t\t<\/div>\n\t\t\t\t<\/div>\n\t\t\t\t<div class=\"elementor-element elementor-element-687ed98 elementor-widget elementor-widget-text-editor\" data-id=\"687ed98\" data-element_type=\"widget\" data-e-type=\"widget\" data-widget_type=\"text-editor.default\">\n\t\t\t\t<div class=\"elementor-widget-container\">\n\t\t\t\t\t\t\t\t\t<p>Exhibitions at Espace L\u00e9man in Geneva<\/p>\t\t\t\t\t\t\t\t<\/div>\n\t\t\t\t<\/div>\n\t\t\t\t\t<\/div>\n\t\t\t\t<\/div>\n\t\t<div class=\"elementor-element elementor-element-bdcce2c e-flex e-con-boxed e-con e-parent\" data-id=\"bdcce2c\" data-element_type=\"container\" data-e-type=\"container\">\n\t\t\t\t\t<div class=\"e-con-inner\">\n\t\t<div class=\"elementor-element elementor-element-113ed11 e-grid e-con-boxed e-con e-child\" data-id=\"113ed11\" data-element_type=\"container\" data-e-type=\"container\">\n\t\t\t\t\t<div class=\"e-con-inner\">\n\t\t<div class=\"elementor-element elementor-element-cba07cb e-grid e-con-full e-con e-child\" data-id=\"cba07cb\" data-element_type=\"container\" data-e-type=\"container\">\n\t\t\t\t<div class=\"elementor-element elementor-element-cc127a7 elementor-widget__width-initial elementor-widget elementor-widget-image\" data-id=\"cc127a7\" data-element_type=\"widget\" data-e-type=\"widget\" data-widget_type=\"image.default\">\n\t\t\t\t<div class=\"elementor-widget-container\">\n\t\t\t\t\t\t\t\t\t\t\t\t\t\t\t\t<a href=\"https:\/\/asleman.org\/en\/expo-leman-leveil-dun-peuple\/\">\n\t\t\t\t\t\t\t<img fetchpriority=\"high\" decoding=\"async\" width=\"212\" height=\"300\" src=\"https:\/\/asleman.org\/wp-content\/uploads\/2025\/08\/2025.08.15-VERSION-FINALE-PNG-asl_aff_expo_2025_A3-212x300.jpg\" class=\"attachment-medium size-medium wp-image-20857\" alt=\"Affiche de l&#039;exposition &quot;L\u00e9man, l&#039;\u00e9veil d&#039;un peuple&quot; du 14.09 au 16.12.2025 \u00e0 l&#039;Espace L\u00e9man\" srcset=\"https:\/\/asleman.org\/wp-content\/uploads\/2025\/08\/2025.08.15-VERSION-FINALE-PNG-asl_aff_expo_2025_A3-212x300.jpg 212w, https:\/\/asleman.org\/wp-content\/uploads\/2025\/08\/2025.08.15-VERSION-FINALE-PNG-asl_aff_expo_2025_A3-724x1024.jpg 724w, https:\/\/asleman.org\/wp-content\/uploads\/2025\/08\/2025.08.15-VERSION-FINALE-PNG-asl_aff_expo_2025_A3-768x1086.jpg 768w, https:\/\/asleman.org\/wp-content\/uploads\/2025\/08\/2025.08.15-VERSION-FINALE-PNG-asl_aff_expo_2025_A3-1086x1536.jpg 1086w, https:\/\/asleman.org\/wp-content\/uploads\/2025\/08\/2025.08.15-VERSION-FINALE-PNG-asl_aff_expo_2025_A3-1448x2048.jpg 1448w, https:\/\/asleman.org\/wp-content\/uploads\/2025\/08\/2025.08.15-VERSION-FINALE-PNG-asl_aff_expo_2025_A3-8x12.jpg 8w, https:\/\/asleman.org\/wp-content\/uploads\/2025\/08\/2025.08.15-VERSION-FINALE-PNG-asl_aff_expo_2025_A3-scaled.jpg 1810w\" sizes=\"(max-width: 212px) 100vw, 212px\" \/>\t\t\t\t\t\t\t\t<\/a>\n\t\t\t\t\t\t\t\t\t\t\t\t\t\t\t<\/div>\n\t\t\t\t<\/div>\n\t\t\t\t<div class=\"elementor-element elementor-element-d71b1f5 elementor-align-center elementor-widget elementor-widget-button\" data-id=\"d71b1f5\" data-element_type=\"widget\" data-e-type=\"widget\" data-widget_type=\"button.default\">\n\t\t\t\t<div class=\"elementor-widget-container\">\n\t\t\t\t\t\t\t\t\t<div class=\"elementor-button-wrapper\">\n\t\t\t\t\t<a class=\"elementor-button elementor-button-link elementor-size-sm\" href=\"https:\/\/asleman.org\/en\/expo-leman-leveil-dun-peuple\/\">\n\t\t\t\t\t\t<span class=\"elementor-button-content-wrapper\">\n\t\t\t\t\t\t\t\t\t<span class=\"elementor-button-text\">Lake Geneva, the awakening of a people - 2025<\/span>\n\t\t\t\t\t<\/span>\n\t\t\t\t\t<\/a>\n\t\t\t\t<\/div>\n\t\t\t\t\t\t\t\t<\/div>\n\t\t\t\t<\/div>\n\t\t\t\t<\/div>\n\t\t<div class=\"elementor-element elementor-element-0cbbd07 e-grid e-con-full e-con e-child\" data-id=\"0cbbd07\" data-element_type=\"container\" data-e-type=\"container\">\n\t\t\t\t<div class=\"elementor-element elementor-element-0663f7d elementor-widget__width-initial elementor-widget elementor-widget-image\" data-id=\"0663f7d\" data-element_type=\"widget\" data-e-type=\"widget\" data-widget_type=\"image.default\">\n\t\t\t\t<div class=\"elementor-widget-container\">\n\t\t\t\t\t\t\t\t\t\t\t\t\t\t\t\t<a href=\"https:\/\/asleman.org\/en\/expo-forets-sous-lacustres\/\">\n\t\t\t\t\t\t\t<img decoding=\"async\" width=\"215\" height=\"300\" src=\"https:\/\/asleman.org\/wp-content\/uploads\/2024\/05\/espace-leman-215x300.png\" class=\"attachment-medium size-medium wp-image-17832\" alt=\"\" srcset=\"https:\/\/asleman.org\/wp-content\/uploads\/2024\/05\/espace-leman-215x300.png 215w, https:\/\/asleman.org\/wp-content\/uploads\/2024\/05\/espace-leman-734x1024.png 734w, https:\/\/asleman.org\/wp-content\/uploads\/2024\/05\/espace-leman-768x1071.png 768w, https:\/\/asleman.org\/wp-content\/uploads\/2024\/05\/espace-leman-9x12.png 9w, https:\/\/asleman.org\/wp-content\/uploads\/2024\/05\/espace-leman.png 1061w\" sizes=\"(max-width: 215px) 100vw, 215px\" \/>\t\t\t\t\t\t\t\t<\/a>\n\t\t\t\t\t\t\t\t\t\t\t\t\t\t\t<\/div>\n\t\t\t\t<\/div>\n\t\t\t\t<div class=\"elementor-element elementor-element-f6b6ebf elementor-align-center elementor-widget elementor-widget-button\" data-id=\"f6b6ebf\" data-element_type=\"widget\" data-e-type=\"widget\" data-widget_type=\"button.default\">\n\t\t\t\t<div class=\"elementor-widget-container\">\n\t\t\t\t\t\t\t\t\t<div class=\"elementor-button-wrapper\">\n\t\t\t\t\t<a class=\"elementor-button elementor-button-link elementor-size-sm\" href=\"https:\/\/asleman.org\/en\/expo-forets-sous-lacustres\/\">\n\t\t\t\t\t\t<span class=\"elementor-button-content-wrapper\">\n\t\t\t\t\t\t\t\t\t<span class=\"elementor-button-text\">Forests under the lake - 2024<\/span>\n\t\t\t\t\t<\/span>\n\t\t\t\t\t<\/a>\n\t\t\t\t<\/div>\n\t\t\t\t\t\t\t\t<\/div>\n\t\t\t\t<\/div>\n\t\t\t\t<\/div>\n\t\t<div class=\"elementor-element elementor-element-f852e53 e-grid e-con-full e-con e-child\" data-id=\"f852e53\" data-element_type=\"container\" data-e-type=\"container\">\n\t\t\t\t<div class=\"elementor-element elementor-element-0c98eb8 elementor-widget__width-initial elementor-widget elementor-widget-image\" data-id=\"0c98eb8\" data-element_type=\"widget\" data-e-type=\"widget\" data-widget_type=\"image.default\">\n\t\t\t\t<div class=\"elementor-widget-container\">\n\t\t\t\t\t\t\t\t\t\t\t\t\t\t\t\t<a href=\"https:\/\/asleman.org\/en\/expo-forets-sous-lacustres\/\">\n\t\t\t\t\t\t\t<img decoding=\"async\" width=\"212\" height=\"300\" src=\"https:\/\/asleman.org\/wp-content\/uploads\/2026\/01\/RK_EK_RCE_A2_420x594_RGB-212x300.jpg\" class=\"attachment-medium size-medium wp-image-22118\" alt=\"\" srcset=\"https:\/\/asleman.org\/wp-content\/uploads\/2026\/01\/RK_EK_RCE_A2_420x594_RGB-212x300.jpg 212w, https:\/\/asleman.org\/wp-content\/uploads\/2026\/01\/RK_EK_RCE_A2_420x594_RGB-724x1024.jpg 724w, https:\/\/asleman.org\/wp-content\/uploads\/2026\/01\/RK_EK_RCE_A2_420x594_RGB-768x1086.jpg 768w, https:\/\/asleman.org\/wp-content\/uploads\/2026\/01\/RK_EK_RCE_A2_420x594_RGB-1086x1536.jpg 1086w, https:\/\/asleman.org\/wp-content\/uploads\/2026\/01\/RK_EK_RCE_A2_420x594_RGB-1448x2048.jpg 1448w, https:\/\/asleman.org\/wp-content\/uploads\/2026\/01\/RK_EK_RCE_A2_420x594_RGB-8x12.jpg 8w, https:\/\/asleman.org\/wp-content\/uploads\/2026\/01\/RK_EK_RCE_A2_420x594_RGB-scaled.jpg 1810w\" sizes=\"(max-width: 212px) 100vw, 212px\" \/>\t\t\t\t\t\t\t\t<\/a>\n\t\t\t\t\t\t\t\t\t\t\t\t\t\t\t<\/div>\n\t\t\t\t<\/div>\n\t\t\t\t<div class=\"elementor-element elementor-element-e23f162 elementor-align-center elementor-widget elementor-widget-button\" data-id=\"e23f162\" data-element_type=\"widget\" data-e-type=\"widget\" data-widget_type=\"button.default\">\n\t\t\t\t<div class=\"elementor-widget-container\">\n\t\t\t\t\t\t\t\t\t<div class=\"elementor-button-wrapper\">\n\t\t\t\t\t<a class=\"elementor-button elementor-button-link elementor-size-sm\" href=\"https:\/\/asleman.org\/en\/expo-reconnecting-earth-beyond-water\/\">\n\t\t\t\t\t\t<span class=\"elementor-button-content-wrapper\">\n\t\t\t\t\t\t\t\t\t<span class=\"elementor-button-text\">(re)connecting.earth (02) - Beyond Water - 2023<\/span>\n\t\t\t\t\t<\/span>\n\t\t\t\t\t<\/a>\n\t\t\t\t<\/div>\n\t\t\t\t\t\t\t\t<\/div>\n\t\t\t\t<\/div>\n\t\t\t\t<\/div>\n\t\t\t\t\t<\/div>\n\t\t\t\t<\/div>\n\t\t<div class=\"elementor-element elementor-element-7abea5e e-grid e-con-full e-con e-child\" data-id=\"7abea5e\" data-element_type=\"container\" data-e-type=\"container\">\n\t\t\t\t<\/div>\n\t\t<div class=\"elementor-element elementor-element-7074d91 e-con-full e-flex e-con e-child\" data-id=\"7074d91\" data-element_type=\"container\" data-e-type=\"container\">\n\t\t\t\t<div class=\"elementor-element elementor-element-ceee602 elementor-widget elementor-widget-image\" data-id=\"ceee602\" data-element_type=\"widget\" data-e-type=\"widget\" data-widget_type=\"image.default\">\n\t\t\t\t<div class=\"elementor-widget-container\">\n\t\t\t\t\t\t\t\t\t\t\t\t\t\t\t\t<a href=\"https:\/\/asleman.org\/wp-content\/uploads\/2024\/10\/Catalogue_Exposition_Forets_Sous-Lacustres_2024-Copie.pdf\">\n\t\t\t\t\t\t\t<img decoding=\"async\" src=\"https:\/\/asleman.org\/wp-content\/uploads\/2024\/10\/Catalogue_Foret-sous-lacsutre_page-de-titre.jpg\" title=\"\" alt=\"\" loading=\"lazy\" \/>\t\t\t\t\t\t\t\t<\/a>\n\t\t\t\t\t\t\t\t\t\t\t\t\t\t\t<\/div>\n\t\t\t\t<\/div>\n\t\t\t\t<\/div>\n\t\t\t\t\t<\/div>\n\t\t\t\t<\/div>\n\t\t<div class=\"elementor-element elementor-element-9cdba97 e-flex e-con-boxed e-con e-parent\" data-id=\"9cdba97\" data-element_type=\"container\" data-e-type=\"container\">\n\t\t\t\t\t<div class=\"e-con-inner\">\n\t\t\t\t<div class=\"elementor-element elementor-element-7a1e4a5 elementor-widget elementor-widget-heading\" data-id=\"7a1e4a5\" data-element_type=\"widget\" data-e-type=\"widget\" data-widget_type=\"heading.default\">\n\t\t\t\t<div class=\"elementor-widget-container\">\n\t\t\t\t\t<h2 class=\"elementor-heading-title elementor-size-default\">Media gallery<\/h2>\t\t\t\t<\/div>\n\t\t\t\t<\/div>\n\t\t\t\t<div class=\"elementor-element elementor-element-77c69cb elementor-widget elementor-widget-gallery\" data-id=\"77c69cb\" data-element_type=\"widget\" data-e-type=\"widget\" data-settings=\"{&quot;columns&quot;:3,&quot;overlay_title&quot;:&quot;description&quot;,&quot;gallery_layout&quot;:&quot;grid&quot;,&quot;columns_tablet&quot;:2,&quot;columns_mobile&quot;:1,&quot;gap&quot;:{&quot;unit&quot;:&quot;px&quot;,&quot;size&quot;:10,&quot;sizes&quot;:[]},&quot;gap_tablet&quot;:{&quot;unit&quot;:&quot;px&quot;,&quot;size&quot;:10,&quot;sizes&quot;:[]},&quot;gap_mobile&quot;:{&quot;unit&quot;:&quot;px&quot;,&quot;size&quot;:10,&quot;sizes&quot;:[]},&quot;link_to&quot;:&quot;file&quot;,&quot;aspect_ratio&quot;:&quot;3:2&quot;,&quot;overlay_background&quot;:&quot;yes&quot;}\" data-widget_type=\"gallery.default\">\n\t\t\t\t<div class=\"elementor-widget-container\">\n\t\t\t\t\t\t\t<div class=\"elementor-gallery__container\">\n\t\t\t\t\t\t\t<a class=\"e-gallery-item elementor-gallery-item\" href=\"https:\/\/asleman.org\/wp-content\/uploads\/2024\/10\/Exposition-immersive-dediee-aux-forets-sous-lacustres-dans-le-nouvel-Espace-Leman-de-lASL.-Photo-ASL-scaled.jpg\" data-elementor-open-lightbox=\"yes\" data-elementor-lightbox-slideshow=\"77c69cb\" data-elementor-lightbox-title=\"Exposition immersive, d\u00e9di\u00e9e aux for\u00eats sous-lacustres, \u00e0 l&#039;Espace L\u00e9man de l&#039;ASL.\" data-elementor-lightbox-description=\"Photo ASL\" data-e-action-hash=\"#elementor-action%3Aaction%3Dlightbox%26settings%3DeyJpZCI6MTg1ODMsInVybCI6Imh0dHBzOlwvXC9hc2xlbWFuLm9yZ1wvd3AtY29udGVudFwvdXBsb2Fkc1wvMjAyNFwvMTBcL0V4cG9zaXRpb24taW1tZXJzaXZlLWRlZGllZS1hdXgtZm9yZXRzLXNvdXMtbGFjdXN0cmVzLWRhbnMtbGUtbm91dmVsLUVzcGFjZS1MZW1hbi1kZS1sQVNMLi1QaG90by1BU0wtc2NhbGVkLmpwZyIsInNsaWRlc2hvdyI6Ijc3YzY5Y2IifQ%3D%3D\">\n\t\t\t\t\t<div class=\"e-gallery-image elementor-gallery-item__image\" data-thumbnail=\"https:\/\/asleman.org\/wp-content\/uploads\/2024\/10\/Exposition-immersive-dediee-aux-forets-sous-lacustres-dans-le-nouvel-Espace-Leman-de-lASL.-Photo-ASL-scaled.jpg\" data-width=\"2560\" data-height=\"1442\" aria-label=\"Immersive exhibition dedicated to sublacustrine forests in the ASL&#039;s new Espace L\u00e9man. - Photo ASL\" role=\"img\" ><\/div>\n\t\t\t\t\t\t\t\t\t\t\t<div class=\"elementor-gallery-item__overlay\"><\/div>\n\t\t\t\t\t\t\t\t\t\t\t\t\t\t\t<div class=\"elementor-gallery-item__content\">\n\t\t\t\t\t\t\t\t\t\t\t\t\t\t<div class=\"elementor-gallery-item__title\">\n\t\t\t\t\t\t\t\t\t\t\t\t\t\t\t\t\t\tImmersive exhibition dedicated to sublacustrine forests, at the ASL's Espace L\u00e9man.\t\t\t\t\t\t\t\t<\/div>\n\t\t\t\t\t\t\t\t\t\t\t\t<\/div>\n\t\t\t\t\t\t\t\t\t<\/a>\n\t\t\t\t\t\t\t<a class=\"e-gallery-item elementor-gallery-item\" href=\"https:\/\/asleman.org\/wp-content\/uploads\/2025\/06\/B23_mediation_asl_etudiant.e.s_mo.width-800.format-webp.webp\" data-elementor-open-lightbox=\"yes\" data-elementor-lightbox-slideshow=\"77c69cb\" data-elementor-lightbox-title=\"Atelier de m\u00e9diation avec des \u00e9tudiants\" data-elementor-lightbox-description=\"Photo artwerk\" data-e-action-hash=\"#elementor-action%3Aaction%3Dlightbox%26settings%3DeyJpZCI6MjA1ODIsInVybCI6Imh0dHBzOlwvXC9hc2xlbWFuLm9yZ1wvd3AtY29udGVudFwvdXBsb2Fkc1wvMjAyNVwvMDZcL0IyM19tZWRpYXRpb25fYXNsX2V0dWRpYW50LmUuc19tby53aWR0aC04MDAuZm9ybWF0LXdlYnAud2VicCIsInNsaWRlc2hvdyI6Ijc3YzY5Y2IifQ%3D%3D\">\n\t\t\t\t\t<div class=\"e-gallery-image elementor-gallery-item__image\" data-thumbnail=\"https:\/\/asleman.org\/wp-content\/uploads\/2025\/06\/B23_mediation_asl_etudiant.e.s_mo.width-800.format-webp.webp\" data-width=\"800\" data-height=\"533\" aria-label=\"\" role=\"img\" ><\/div>\n\t\t\t\t\t\t\t\t\t\t\t<div class=\"elementor-gallery-item__overlay\"><\/div>\n\t\t\t\t\t\t\t\t\t\t\t\t\t\t\t<div class=\"elementor-gallery-item__content\">\n\t\t\t\t\t\t\t\t\t\t\t\t\t\t<div class=\"elementor-gallery-item__title\">\n\t\t\t\t\t\t\t\t\t\t\t\t\t\t\t\t\t\tMediation workshop with students\t\t\t\t\t\t\t\t<\/div>\n\t\t\t\t\t\t\t\t\t\t\t\t<\/div>\n\t\t\t\t\t\t\t\t\t<\/a>\n\t\t\t\t\t\t\t<a class=\"e-gallery-item elementor-gallery-item\" href=\"https:\/\/asleman.org\/wp-content\/uploads\/2024\/10\/Vernissage_Expo_2024_05.06-25-scaled.jpg\" data-elementor-open-lightbox=\"yes\" data-elementor-lightbox-slideshow=\"77c69cb\" data-elementor-lightbox-title=\"D\u00e9couverte au microscope des plantes aquatiques\" data-elementor-lightbox-description=\"Photo ASL\" data-e-action-hash=\"#elementor-action%3Aaction%3Dlightbox%26settings%3DeyJpZCI6MTg1ODQsInVybCI6Imh0dHBzOlwvXC9hc2xlbWFuLm9yZ1wvd3AtY29udGVudFwvdXBsb2Fkc1wvMjAyNFwvMTBcL1Zlcm5pc3NhZ2VfRXhwb18yMDI0XzA1LjA2LTI1LXNjYWxlZC5qcGciLCJzbGlkZXNob3ciOiI3N2M2OWNiIn0%3D\">\n\t\t\t\t\t<div class=\"e-gallery-image elementor-gallery-item__image\" data-thumbnail=\"https:\/\/asleman.org\/wp-content\/uploads\/2024\/10\/Vernissage_Expo_2024_05.06-25-scaled.jpg\" data-width=\"2560\" data-height=\"1442\" aria-label=\"\" role=\"img\" ><\/div>\n\t\t\t\t\t\t\t\t\t\t\t<div class=\"elementor-gallery-item__overlay\"><\/div>\n\t\t\t\t\t\t\t\t\t\t\t\t\t\t\t<div class=\"elementor-gallery-item__content\">\n\t\t\t\t\t\t\t\t\t\t\t\t\t\t<div class=\"elementor-gallery-item__title\">\n\t\t\t\t\t\t\t\t\t\t\t\t\t\t\t\t\t\tDiscovering aquatic plants under the microscope\t\t\t\t\t\t\t\t<\/div>\n\t\t\t\t\t\t\t\t\t\t\t\t<\/div>\n\t\t\t\t\t\t\t\t\t<\/a>\n\t\t\t\t\t\t\t<a class=\"e-gallery-item elementor-gallery-item\" href=\"https:\/\/asleman.org\/wp-content\/uploads\/2025\/06\/ReconnectingEarth-110.2e16d0ba.fill-800x600.format-webp.webp\" data-elementor-open-lightbox=\"yes\" data-elementor-lightbox-slideshow=\"77c69cb\" data-elementor-lightbox-title=\"Exposition artistique au sein de l&#039;Espace L\u00e9man\" data-elementor-lightbox-description=\"Photo artwerk\" data-e-action-hash=\"#elementor-action%3Aaction%3Dlightbox%26settings%3DeyJpZCI6MjA1ODQsInVybCI6Imh0dHBzOlwvXC9hc2xlbWFuLm9yZ1wvd3AtY29udGVudFwvdXBsb2Fkc1wvMjAyNVwvMDZcL1JlY29ubmVjdGluZ0VhcnRoLTExMC4yZTE2ZDBiYS5maWxsLTgwMHg2MDAuZm9ybWF0LXdlYnAud2VicCIsInNsaWRlc2hvdyI6Ijc3YzY5Y2IifQ%3D%3D\">\n\t\t\t\t\t<div class=\"e-gallery-image elementor-gallery-item__image\" data-thumbnail=\"https:\/\/asleman.org\/wp-content\/uploads\/2025\/06\/ReconnectingEarth-110.2e16d0ba.fill-800x600.format-webp.webp\" data-width=\"800\" data-height=\"600\" aria-label=\"\" role=\"img\" ><\/div>\n\t\t\t\t\t\t\t\t\t\t\t<div class=\"elementor-gallery-item__overlay\"><\/div>\n\t\t\t\t\t\t\t\t\t\t\t\t\t\t\t<div class=\"elementor-gallery-item__content\">\n\t\t\t\t\t\t\t\t\t\t\t\t\t\t<div class=\"elementor-gallery-item__title\">\n\t\t\t\t\t\t\t\t\t\t\t\t\t\t\t\t\t\tArt exhibition at Espace L\u00e9man\t\t\t\t\t\t\t\t<\/div>\n\t\t\t\t\t\t\t\t\t\t\t\t<\/div>\n\t\t\t\t\t\t\t\t\t<\/a>\n\t\t\t\t\t\t\t<a class=\"e-gallery-item elementor-gallery-item\" href=\"https:\/\/asleman.org\/wp-content\/uploads\/2024\/10\/Arthur_Groebli-2-scaled.jpg\" data-elementor-open-lightbox=\"yes\" data-elementor-lightbox-slideshow=\"77c69cb\" data-elementor-lightbox-title=\"Les for\u00eats sous-lacustres, un monde \u00e0 d\u00e9couvrir\" data-elementor-lightbox-description=\"Photo ASL\" data-e-action-hash=\"#elementor-action%3Aaction%3Dlightbox%26settings%3DeyJpZCI6MTg1ODEsInVybCI6Imh0dHBzOlwvXC9hc2xlbWFuLm9yZ1wvd3AtY29udGVudFwvdXBsb2Fkc1wvMjAyNFwvMTBcL0FydGh1cl9Hcm9lYmxpLTItc2NhbGVkLmpwZyIsInNsaWRlc2hvdyI6Ijc3YzY5Y2IifQ%3D%3D\">\n\t\t\t\t\t<div class=\"e-gallery-image elementor-gallery-item__image\" data-thumbnail=\"https:\/\/asleman.org\/wp-content\/uploads\/2024\/10\/Arthur_Groebli-2-scaled.jpg\" data-width=\"2560\" data-height=\"1707\" aria-label=\"\" role=\"img\" ><\/div>\n\t\t\t\t\t\t\t\t\t\t\t<div class=\"elementor-gallery-item__overlay\"><\/div>\n\t\t\t\t\t\t\t\t\t\t\t\t\t\t\t<div class=\"elementor-gallery-item__content\">\n\t\t\t\t\t\t\t\t\t\t\t\t\t\t<div class=\"elementor-gallery-item__title\">\n\t\t\t\t\t\t\t\t\t\t\t\t\t\t\t\t\t\tSublacustrine forests, a world to discover\t\t\t\t\t\t\t\t<\/div>\n\t\t\t\t\t\t\t\t\t\t\t\t<\/div>\n\t\t\t\t\t\t\t\t\t<\/a>\n\t\t\t\t\t\t\t<a class=\"e-gallery-item elementor-gallery-item\" href=\"https:\/\/asleman.org\/wp-content\/uploads\/2025\/06\/B23_mediation_asl_h.2e16d0ba.fill-2400x1600.format-webp_FKxhgc0.webp\" data-elementor-open-lightbox=\"yes\" data-elementor-lightbox-slideshow=\"77c69cb\" data-elementor-lightbox-title=\"Echange entre les visiteurs \" data-elementor-lightbox-description=\"Photo ASL\" data-e-action-hash=\"#elementor-action%3Aaction%3Dlightbox%26settings%3DeyJpZCI6MjA1ODMsInVybCI6Imh0dHBzOlwvXC9hc2xlbWFuLm9yZ1wvd3AtY29udGVudFwvdXBsb2Fkc1wvMjAyNVwvMDZcL0IyM19tZWRpYXRpb25fYXNsX2guMmUxNmQwYmEuZmlsbC0yNDAweDE2MDAuZm9ybWF0LXdlYnBfRkt4aGdjMC53ZWJwIiwic2xpZGVzaG93IjoiNzdjNjljYiJ9\">\n\t\t\t\t\t<div class=\"e-gallery-image elementor-gallery-item__image\" data-thumbnail=\"https:\/\/asleman.org\/wp-content\/uploads\/2025\/06\/B23_mediation_asl_h.2e16d0ba.fill-2400x1600.format-webp_FKxhgc0.webp\" data-width=\"2400\" data-height=\"1600\" aria-label=\"\" role=\"img\" ><\/div>\n\t\t\t\t\t\t\t\t\t\t\t<div class=\"elementor-gallery-item__overlay\"><\/div>\n\t\t\t\t\t\t\t\t\t\t\t\t\t\t\t<div class=\"elementor-gallery-item__content\">\n\t\t\t\t\t\t\t\t\t\t\t\t\t\t<div class=\"elementor-gallery-item__title\">\n\t\t\t\t\t\t\t\t\t\t\t\t\t\t\t\t\t\tExchange between visitors \t\t\t\t\t\t\t\t<\/div>\n\t\t\t\t\t\t\t\t\t\t\t\t<\/div>\n\t\t\t\t\t\t\t\t\t<\/a>\n\t\t\t\t\t<\/div>\n\t\t\t\t\t<\/div>\n\t\t\t\t<\/div>\n\t\t\t\t\t<\/div>\n\t\t\t\t<\/div>\n\t\t\t\t<\/div>","protected":false},"excerpt":{"rendered":"<p>Anciennes expositions Expositions accueillies au sein de l&#8217;Espace L\u00e9man \u00e0 Gen\u00e8ve L\u00e9man, l&#8217;\u00e9veil d&#8217;un peuple &#8211; 2025 Les for\u00eats sous lacustres &#8211; 2024 (re)connecting.earth (02) &#8211; Beyond Water &#8211; 2023 Galerie m\u00e9dias Exposition immersive, d\u00e9di\u00e9e aux for\u00eats sous-lacustres, \u00e0 l&#8217;Espace L\u00e9man de l&#8217;ASL. Atelier de m\u00e9diation avec des \u00e9tudiants D\u00e9couverte au microscope des plantes aquatiques [&hellip;]<\/p>\n","protected":false},"author":4,"featured_media":0,"parent":0,"menu_order":0,"comment_status":"closed","ping_status":"closed","template":"elementor_header_footer","meta":{"_acf_changed":false,"_seopress_robots_primary_cat":"","_seopress_titles_title":"","_seopress_titles_desc":"","_seopress_robots_index":"","footnotes":""},"class_list":["post-20578","page","type-page","status-publish","hentry"],"acf":[],"ase":null,"_links":{"self":[{"href":"https:\/\/asleman.org\/en\/wp-json\/wp\/v2\/pages\/20578","targetHints":{"allow":["GET"]}}],"collection":[{"href":"https:\/\/asleman.org\/en\/wp-json\/wp\/v2\/pages"}],"about":[{"href":"https:\/\/asleman.org\/en\/wp-json\/wp\/v2\/types\/page"}],"author":[{"embeddable":true,"href":"https:\/\/asleman.org\/en\/wp-json\/wp\/v2\/users\/4"}],"replies":[{"embeddable":true,"href":"https:\/\/asleman.org\/en\/wp-json\/wp\/v2\/comments?post=20578"}],"version-history":[{"count":17,"href":"https:\/\/asleman.org\/en\/wp-json\/wp\/v2\/pages\/20578\/revisions"}],"predecessor-version":[{"id":22138,"href":"https:\/\/asleman.org\/en\/wp-json\/wp\/v2\/pages\/20578\/revisions\/22138"}],"wp:attachment":[{"href":"https:\/\/asleman.org\/en\/wp-json\/wp\/v2\/media?parent=20578"}],"curies":[{"name":"wp","href":"https:\/\/api.w.org\/{rel}","templated":true}]}}