{"id":22011,"date":"2026-01-08T14:58:52","date_gmt":"2026-01-08T13:58:52","guid":{"rendered":"https:\/\/asleman.org\/?page_id=22011"},"modified":"2026-01-09T10:18:54","modified_gmt":"2026-01-09T09:18:54","slug":"expo-reconnecting-earth-beyond-water","status":"publish","type":"page","link":"https:\/\/asleman.org\/en\/expo-reconnecting-earth-beyond-water\/","title":{"rendered":"Exhibition (re)connecting.earth - Beyond Water"},"content":{"rendered":"<div data-elementor-type=\"wp-page\" data-elementor-id=\"22011\" class=\"elementor elementor-22011\" data-elementor-post-type=\"page\">\n\t\t\t\t<div class=\"elementor-element elementor-element-8e0a1b7 e-flex e-con-boxed e-con e-parent\" data-id=\"8e0a1b7\" data-element_type=\"container\" data-e-type=\"container\" data-settings=\"{&quot;background_background&quot;:&quot;classic&quot;}\">\n\t\t\t\t\t<div class=\"e-con-inner\">\n\t\t\t\t<div class=\"elementor-element elementor-element-debb39a elementor-widget elementor-widget-heading\" data-id=\"debb39a\" data-element_type=\"widget\" data-e-type=\"widget\" data-widget_type=\"heading.default\">\n\t\t\t\t<div class=\"elementor-widget-container\">\n\t\t\t\t\t<h2 class=\"elementor-heading-title elementor-size-default\">Biennial (re)connecting.earth (02) - Beyond Water<\/h2>\t\t\t\t<\/div>\n\t\t\t\t<\/div>\n\t\t\t\t<div class=\"elementor-element elementor-element-687ed98 elementor-widget elementor-widget-text-editor\" data-id=\"687ed98\" data-element_type=\"widget\" data-e-type=\"widget\" data-widget_type=\"text-editor.default\">\n\t\t\t\t<div class=\"elementor-widget-container\">\n\t\t\t\t\t\t\t\t\t<p>1 September to 1 October 2023<\/p>\t\t\t\t\t\t\t\t<\/div>\n\t\t\t\t<\/div>\n\t\t\t\t\t<\/div>\n\t\t\t\t<\/div>\n\t\t<div class=\"elementor-element elementor-element-3c20a1f e-flex e-con-boxed e-con e-parent\" data-id=\"3c20a1f\" data-element_type=\"container\" data-e-type=\"container\" data-settings=\"{&quot;background_background&quot;:&quot;classic&quot;}\">\n\t\t\t\t\t<div class=\"e-con-inner\">\n\t\t\t\t<div class=\"elementor-element elementor-element-f48467a elementor-widget elementor-widget-heading\" data-id=\"f48467a\" data-element_type=\"widget\" data-e-type=\"widget\" data-widget_type=\"heading.default\">\n\t\t\t\t<div class=\"elementor-widget-container\">\n\t\t\t\t\t<h2 class=\"elementor-heading-title elementor-size-default\">Biennial of Art and Urban Nature<\/h2>\t\t\t\t<\/div>\n\t\t\t\t<\/div>\n\t\t\t\t\t<\/div>\n\t\t\t\t<\/div>\n\t\t<div class=\"elementor-element elementor-element-bdcce2c e-flex e-con-boxed e-con e-parent\" data-id=\"bdcce2c\" data-element_type=\"container\" data-e-type=\"container\">\n\t\t\t\t\t<div class=\"e-con-inner\">\n\t\t<div class=\"elementor-element elementor-element-7074d91 e-con-full e-flex e-con e-child\" data-id=\"7074d91\" data-element_type=\"container\" data-e-type=\"container\">\n\t\t\t\t<div class=\"elementor-element elementor-element-ceee602 elementor-widget elementor-widget-image\" data-id=\"ceee602\" data-element_type=\"widget\" data-e-type=\"widget\" data-widget_type=\"image.default\">\n\t\t\t\t<div class=\"elementor-widget-container\">\n\t\t\t\t\t\t\t\t\t\t\t\t\t\t\t\t<a href=\"https:\/\/asleman.org\/wp-content\/uploads\/2024\/10\/Catalogue_Exposition_Forets_Sous-Lacustres_2024-Copie.pdf\">\n\t\t\t\t\t\t\t<img decoding=\"async\" src=\"https:\/\/asleman.org\/wp-content\/uploads\/2024\/10\/Catalogue_Foret-sous-lacsutre_page-de-titre.jpg\" title=\"\" alt=\"\" loading=\"lazy\" \/>\t\t\t\t\t\t\t\t<\/a>\n\t\t\t\t\t\t\t\t\t\t\t\t\t\t\t<\/div>\n\t\t\t\t<\/div>\n\t\t\t\t<\/div>\n\t\t<div class=\"elementor-element elementor-element-0165035 e-grid e-con-full e-con e-child\" data-id=\"0165035\" data-element_type=\"container\" data-e-type=\"container\">\n\t\t\t\t<div class=\"elementor-element elementor-element-ab1cbec elementor-widget__width-initial elementor-widget elementor-widget-text-editor\" data-id=\"ab1cbec\" data-element_type=\"widget\" data-e-type=\"widget\" data-widget_type=\"text-editor.default\">\n\t\t\t\t<div class=\"elementor-widget-container\">\n\t\t\t\t\t\t\t\t\t<p>The ASL collaborated on the 2nd Biennial of Urban Art and Nature, which took place in Geneva from 1 to 6 May.<sup>er<\/sup> September to 1<sup>er<\/sup> October 2023. Called \u00abBeyond Water\u00bb, this edition focused on water and biodiversity around Lake Geneva, showcasing the work of 25 local and international artists. By combining artistic approaches with educational and scientific activities, it offered alternative perspectives on environmental issues and a better understanding of the preservation and revitalisation of urban nature.<\/p><p>\u00a0<\/p>\t\t\t\t\t\t\t\t<\/div>\n\t\t\t\t<\/div>\n\t\t\t\t<div class=\"elementor-element elementor-element-cc127a7 elementor-widget__width-initial elementor-widget elementor-widget-image\" data-id=\"cc127a7\" data-element_type=\"widget\" data-e-type=\"widget\" data-widget_type=\"image.default\">\n\t\t\t\t<div class=\"elementor-widget-container\">\n\t\t\t\t\t\t\t\t\t\t\t\t\t\t\t<img fetchpriority=\"high\" decoding=\"async\" width=\"724\" height=\"1024\" src=\"https:\/\/asleman.org\/wp-content\/uploads\/2026\/01\/RK_EK_RCE_A2_420x594_RGB-724x1024.jpg\" class=\"attachment-large size-large wp-image-22118\" alt=\"\" srcset=\"https:\/\/asleman.org\/wp-content\/uploads\/2026\/01\/RK_EK_RCE_A2_420x594_RGB-724x1024.jpg 724w, https:\/\/asleman.org\/wp-content\/uploads\/2026\/01\/RK_EK_RCE_A2_420x594_RGB-212x300.jpg 212w, https:\/\/asleman.org\/wp-content\/uploads\/2026\/01\/RK_EK_RCE_A2_420x594_RGB-768x1086.jpg 768w, https:\/\/asleman.org\/wp-content\/uploads\/2026\/01\/RK_EK_RCE_A2_420x594_RGB-1086x1536.jpg 1086w, https:\/\/asleman.org\/wp-content\/uploads\/2026\/01\/RK_EK_RCE_A2_420x594_RGB-1448x2048.jpg 1448w, https:\/\/asleman.org\/wp-content\/uploads\/2026\/01\/RK_EK_RCE_A2_420x594_RGB-8x12.jpg 8w, https:\/\/asleman.org\/wp-content\/uploads\/2026\/01\/RK_EK_RCE_A2_420x594_RGB-scaled.jpg 1810w\" sizes=\"(max-width: 724px) 100vw, 724px\" \/>\t\t\t\t\t\t\t\t\t\t\t\t\t\t\t<\/div>\n\t\t\t\t<\/div>\n\t\t\t\t<\/div>\n\t\t\t\t\t<\/div>\n\t\t\t\t<\/div>\n\t\t<div class=\"elementor-element elementor-element-b58699e e-flex e-con-boxed e-con e-parent\" data-id=\"b58699e\" data-element_type=\"container\" data-e-type=\"container\" data-settings=\"{&quot;background_background&quot;:&quot;classic&quot;}\">\n\t\t\t\t\t<div class=\"e-con-inner\">\n\t\t\t\t<div class=\"elementor-element elementor-element-c281950 elementor-widget__width-initial elementor-widget elementor-widget-text-editor\" data-id=\"c281950\" data-element_type=\"widget\" data-e-type=\"widget\" data-widget_type=\"text-editor.default\">\n\t\t\t\t<div class=\"elementor-widget-container\">\n\t\t\t\t\t\t\t\t\t<p>This collaboration has already taken shape in various ways in the run-up to the event. In fact, several artists have sought advice from our specialists, either to obtain specific explanations about the design of their works in relation to Lake Geneva, or to find out more about a particular species. For example, Pascal Mulattieri, president of the ASL, was able to offer his expertise to Flurina Badel and J\u00e9r\u00e9mie Sarbach on a work featuring the Quagga Mussel, while Alexis Pochelon, project manager at the ASL, met Jonathan Delachaux and the Tchan-Z\u00e2ca collective to help them with their project involving the Cormorant. Our editor-in-chief, Rapha\u00eblle Juge, wrote a response to an \u00abInstruction\u00bb by artist Antje Majewski on the subject of the misnamed \u00abweeds\u00bb. We were also able to put the artists in touch with the cantonal services regarding the applications for authorisation needed to set up works in the public space along the waterfront, or even under the lake.<\/p><p>To mark the occasion, the ASL hosted works by six leading environmental artists in its arcade, representing original voices that demonstrate awareness of and commitment to the environmental crisis.<\/p><ul><li><strong>Pinar Yoldas<\/strong> imagined a post-human ecosystem in \u00abAn Ecosystem of Excess\u00bb, in which plastic pollution became the source of hybrid organisms.<\/li><li><strong>Mark Dion<\/strong> used \u00ab\u00a0<em>Birds \u00bb<\/em> to question our need to classify and organise nature, revealing a profoundly anthropocentric view of other forms of life.<\/li><li>The duo <strong>Flurina Badel &amp; J\u00e9r\u00e9mie Sarbach<\/strong> proposed a poetic video installation called\u00ab\u00a0<em>Lost Waters &amp; Found Stairs\u00bb,<\/em> focusing on the point of view of fish and the fragmentation of their habitats.<\/li><li>Several photographs of works by <strong>Hans Haacke<\/strong>Life Airbone System\u00ab, \u00bbKrefelder Abwasser-Tryptychon\u00ab and \u00abRheinwasseraufbereitungsanlag\u00bb were also presented, highlighting industrial pollution and biological systems, and illustrating in an engaging way the close links that art can develop with science.<\/li><li>And finally.., <strong>Diana Lelonek<\/strong> presented three dystopian photographs imagining Geneva after Lake Geneva has dried up.<\/li><\/ul><p><br \/>Alongside the exhibition, visitors were also able to look through a microscope at microplastics found on the beaches of Lake Geneva during the Pla'stock study.<\/p><p>Together, these works formed a powerful reflection on the urgent need to protect aquatic environments. The ASL's vision focuses not only on protecting the environment, but also on linking Lake Geneva with culture and society. Lake Geneva is an ideal subject for artistic creativity, and art is a way of raising awareness of environmental issues.<\/p>\t\t\t\t\t\t\t\t<\/div>\n\t\t\t\t<\/div>\n\t\t\t\t\t<\/div>\n\t\t\t\t<\/div>\n\t\t<div class=\"elementor-element elementor-element-9cdba97 e-flex e-con-boxed e-con e-parent\" data-id=\"9cdba97\" data-element_type=\"container\" data-e-type=\"container\">\n\t\t\t\t\t<div class=\"e-con-inner\">\n\t\t\t\t<div class=\"elementor-element elementor-element-7a1e4a5 elementor-widget elementor-widget-heading\" data-id=\"7a1e4a5\" data-element_type=\"widget\" data-e-type=\"widget\" data-widget_type=\"heading.default\">\n\t\t\t\t<div class=\"elementor-widget-container\">\n\t\t\t\t\t<h2 class=\"elementor-heading-title elementor-size-default\">Media gallery<\/h2>\t\t\t\t<\/div>\n\t\t\t\t<\/div>\n\t\t\t\t<div class=\"elementor-element elementor-element-77c69cb elementor-widget elementor-widget-gallery\" data-id=\"77c69cb\" data-element_type=\"widget\" data-e-type=\"widget\" data-settings=\"{&quot;columns&quot;:3,&quot;overlay_title&quot;:&quot;description&quot;,&quot;gallery_layout&quot;:&quot;grid&quot;,&quot;columns_tablet&quot;:2,&quot;columns_mobile&quot;:1,&quot;gap&quot;:{&quot;unit&quot;:&quot;px&quot;,&quot;size&quot;:10,&quot;sizes&quot;:[]},&quot;gap_tablet&quot;:{&quot;unit&quot;:&quot;px&quot;,&quot;size&quot;:10,&quot;sizes&quot;:[]},&quot;gap_mobile&quot;:{&quot;unit&quot;:&quot;px&quot;,&quot;size&quot;:10,&quot;sizes&quot;:[]},&quot;link_to&quot;:&quot;file&quot;,&quot;aspect_ratio&quot;:&quot;3:2&quot;,&quot;overlay_background&quot;:&quot;yes&quot;}\" data-widget_type=\"gallery.default\">\n\t\t\t\t<div class=\"elementor-widget-container\">\n\t\t\t\t\t\t\t<div class=\"elementor-gallery__container\">\n\t\t\t\t\t\t\t<a class=\"e-gallery-item elementor-gallery-item\" href=\"https:\/\/asleman.org\/wp-content\/uploads\/2026\/01\/RS_P1022217-scaled.jpg\" data-elementor-open-lightbox=\"yes\" data-elementor-lightbox-slideshow=\"77c69cb\" data-elementor-lightbox-description=\"Plan rapproch\u00e9 de l\u2019oeuvre de Pinar Yoldas \u00ab An Ecosystem of Excess \u00bb\" data-e-action-hash=\"#elementor-action%3Aaction%3Dlightbox%26settings%3DeyJpZCI6MjIxMTksInVybCI6Imh0dHBzOlwvXC9hc2xlbWFuLm9yZ1wvd3AtY29udGVudFwvdXBsb2Fkc1wvMjAyNlwvMDFcL1JTX1AxMDIyMjE3LXNjYWxlZC5qcGciLCJzbGlkZXNob3ciOiI3N2M2OWNiIn0%3D\">\n\t\t\t\t\t<div class=\"e-gallery-image elementor-gallery-item__image\" data-thumbnail=\"https:\/\/asleman.org\/wp-content\/uploads\/2026\/01\/RS_P1022217-scaled.jpg\" data-width=\"1920\" data-height=\"2560\" aria-label=\"\" role=\"img\" ><\/div>\n\t\t\t\t\t\t\t\t\t\t\t<div class=\"elementor-gallery-item__overlay\"><\/div>\n\t\t\t\t\t\t\t\t\t\t\t\t\t\t\t<div class=\"elementor-gallery-item__content\">\n\t\t\t\t\t\t\t\t\t\t\t<\/div>\n\t\t\t\t\t\t\t\t\t<\/a>\n\t\t\t\t\t\t\t<a class=\"e-gallery-item elementor-gallery-item\" href=\"https:\/\/asleman.org\/wp-content\/uploads\/2026\/01\/P1022065-scaled.jpg\" data-elementor-open-lightbox=\"yes\" data-elementor-lightbox-slideshow=\"77c69cb\" data-elementor-lightbox-description=\"\u0152uvre de Pinar Yoldas \u00ab An Ecosystem of Excess \u00bb au sein de l\u2019exposition\" data-e-action-hash=\"#elementor-action%3Aaction%3Dlightbox%26settings%3DeyJpZCI6MjIxMjAsInVybCI6Imh0dHBzOlwvXC9hc2xlbWFuLm9yZ1wvd3AtY29udGVudFwvdXBsb2Fkc1wvMjAyNlwvMDFcL1AxMDIyMDY1LXNjYWxlZC5qcGciLCJzbGlkZXNob3ciOiI3N2M2OWNiIn0%3D\">\n\t\t\t\t\t<div class=\"e-gallery-image elementor-gallery-item__image\" data-thumbnail=\"https:\/\/asleman.org\/wp-content\/uploads\/2026\/01\/P1022065-scaled.jpg\" data-width=\"2560\" data-height=\"1442\" aria-label=\"\" role=\"img\" ><\/div>\n\t\t\t\t\t\t\t\t\t\t\t<div class=\"elementor-gallery-item__overlay\"><\/div>\n\t\t\t\t\t\t\t\t\t\t\t\t\t\t\t<div class=\"elementor-gallery-item__content\">\n\t\t\t\t\t\t\t\t\t\t\t<\/div>\n\t\t\t\t\t\t\t\t\t<\/a>\n\t\t\t\t\t\t\t<a class=\"e-gallery-item elementor-gallery-item\" href=\"https:\/\/asleman.org\/wp-content\/uploads\/2026\/01\/P1022056-scaled.jpg\" data-elementor-open-lightbox=\"yes\" data-elementor-lightbox-slideshow=\"77c69cb\" data-elementor-lightbox-description=\"Jeune femme \u00e9coutant l\u2019\u0153uvre \u00ab Lost Waters &amp; Found Stairs \u00bb de Flurina Badel et J\u00e9r\u00e9mie Sarbach\" data-e-action-hash=\"#elementor-action%3Aaction%3Dlightbox%26settings%3DeyJpZCI6MjIxMjEsInVybCI6Imh0dHBzOlwvXC9hc2xlbWFuLm9yZ1wvd3AtY29udGVudFwvdXBsb2Fkc1wvMjAyNlwvMDFcL1AxMDIyMDU2LXNjYWxlZC5qcGciLCJzbGlkZXNob3ciOiI3N2M2OWNiIn0%3D\">\n\t\t\t\t\t<div class=\"e-gallery-image elementor-gallery-item__image\" data-thumbnail=\"https:\/\/asleman.org\/wp-content\/uploads\/2026\/01\/P1022056-scaled.jpg\" data-width=\"2560\" data-height=\"1442\" aria-label=\"\" role=\"img\" ><\/div>\n\t\t\t\t\t\t\t\t\t\t\t<div class=\"elementor-gallery-item__overlay\"><\/div>\n\t\t\t\t\t\t\t\t\t\t\t\t\t\t\t<div class=\"elementor-gallery-item__content\">\n\t\t\t\t\t\t\t\t\t\t\t<\/div>\n\t\t\t\t\t\t\t\t\t<\/a>\n\t\t\t\t\t\t\t<a class=\"e-gallery-item elementor-gallery-item\" href=\"https:\/\/asleman.org\/wp-content\/uploads\/2026\/01\/5_RS_P1022069-scaled.jpg\" data-elementor-open-lightbox=\"yes\" data-elementor-lightbox-slideshow=\"77c69cb\" data-elementor-lightbox-description=\"Discussions autour d\u2019une photographie de l\u2019\u0153uvre de Hans Haacke\" data-e-action-hash=\"#elementor-action%3Aaction%3Dlightbox%26settings%3DeyJpZCI6MjIxMjIsInVybCI6Imh0dHBzOlwvXC9hc2xlbWFuLm9yZ1wvd3AtY29udGVudFwvdXBsb2Fkc1wvMjAyNlwvMDFcLzVfUlNfUDEwMjIwNjktc2NhbGVkLmpwZyIsInNsaWRlc2hvdyI6Ijc3YzY5Y2IifQ%3D%3D\">\n\t\t\t\t\t<div class=\"e-gallery-image elementor-gallery-item__image\" data-thumbnail=\"https:\/\/asleman.org\/wp-content\/uploads\/2026\/01\/5_RS_P1022069-scaled.jpg\" data-width=\"2560\" data-height=\"1442\" aria-label=\"\" role=\"img\" ><\/div>\n\t\t\t\t\t\t\t\t\t\t\t<div class=\"elementor-gallery-item__overlay\"><\/div>\n\t\t\t\t\t\t\t\t\t\t\t\t\t\t\t<div class=\"elementor-gallery-item__content\">\n\t\t\t\t\t\t\t\t\t\t\t<\/div>\n\t\t\t\t\t\t\t\t\t<\/a>\n\t\t\t\t\t\t\t<a class=\"e-gallery-item elementor-gallery-item\" href=\"https:\/\/asleman.org\/wp-content\/uploads\/2026\/01\/P1022116-scaled.jpg\" data-elementor-open-lightbox=\"yes\" data-elementor-lightbox-slideshow=\"77c69cb\" data-elementor-lightbox-description=\"Pr\u00e9sentation des \u0153uvres par Bernard Vienat lors du vernissage\" data-e-action-hash=\"#elementor-action%3Aaction%3Dlightbox%26settings%3DeyJpZCI6MjIxMjQsInVybCI6Imh0dHBzOlwvXC9hc2xlbWFuLm9yZ1wvd3AtY29udGVudFwvdXBsb2Fkc1wvMjAyNlwvMDFcL1AxMDIyMTE2LXNjYWxlZC5qcGciLCJzbGlkZXNob3ciOiI3N2M2OWNiIn0%3D\">\n\t\t\t\t\t<div class=\"e-gallery-image elementor-gallery-item__image\" data-thumbnail=\"https:\/\/asleman.org\/wp-content\/uploads\/2026\/01\/P1022116-scaled.jpg\" data-width=\"2560\" data-height=\"1442\" aria-label=\"\" role=\"img\" ><\/div>\n\t\t\t\t\t\t\t\t\t\t\t<div class=\"elementor-gallery-item__overlay\"><\/div>\n\t\t\t\t\t\t\t\t\t\t\t\t\t\t\t<div class=\"elementor-gallery-item__content\">\n\t\t\t\t\t\t\t\t\t\t\t<\/div>\n\t\t\t\t\t\t\t\t\t<\/a>\n\t\t\t\t\t\t\t<a class=\"e-gallery-item elementor-gallery-item\" href=\"https:\/\/asleman.org\/wp-content\/uploads\/2026\/01\/RS_P1011868-scaled.jpg\" data-elementor-open-lightbox=\"yes\" data-elementor-lightbox-slideshow=\"77c69cb\" data-elementor-lightbox-description=\"Visite guid\u00e9e des \u0153uvres expos\u00e9es au sein de l&#039;Espace L\u00e9man\" data-e-action-hash=\"#elementor-action%3Aaction%3Dlightbox%26settings%3DeyJpZCI6MjIxMjYsInVybCI6Imh0dHBzOlwvXC9hc2xlbWFuLm9yZ1wvd3AtY29udGVudFwvdXBsb2Fkc1wvMjAyNlwvMDFcL1JTX1AxMDExODY4LXNjYWxlZC5qcGciLCJzbGlkZXNob3ciOiI3N2M2OWNiIn0%3D\">\n\t\t\t\t\t<div class=\"e-gallery-image elementor-gallery-item__image\" data-thumbnail=\"https:\/\/asleman.org\/wp-content\/uploads\/2026\/01\/RS_P1011868-scaled.jpg\" data-width=\"2560\" data-height=\"1442\" aria-label=\"\" role=\"img\" ><\/div>\n\t\t\t\t\t\t\t\t\t\t\t<div class=\"elementor-gallery-item__overlay\"><\/div>\n\t\t\t\t\t\t\t\t\t\t\t\t\t\t\t<div class=\"elementor-gallery-item__content\">\n\t\t\t\t\t\t\t\t\t\t\t<\/div>\n\t\t\t\t\t\t\t\t\t<\/a>\n\t\t\t\t\t\t\t<a class=\"e-gallery-item elementor-gallery-item\" href=\"https:\/\/asleman.org\/wp-content\/uploads\/2026\/01\/RS_P1022307-scaled.jpg\" data-elementor-open-lightbox=\"yes\" data-elementor-lightbox-slideshow=\"77c69cb\" data-elementor-lightbox-description=\"Jeune femme regardant les micrplastiques au microscope\" data-e-action-hash=\"#elementor-action%3Aaction%3Dlightbox%26settings%3DeyJpZCI6MjIxMjcsInVybCI6Imh0dHBzOlwvXC9hc2xlbWFuLm9yZ1wvd3AtY29udGVudFwvdXBsb2Fkc1wvMjAyNlwvMDFcL1JTX1AxMDIyMzA3LXNjYWxlZC5qcGciLCJzbGlkZXNob3ciOiI3N2M2OWNiIn0%3D\">\n\t\t\t\t\t<div class=\"e-gallery-image elementor-gallery-item__image\" data-thumbnail=\"https:\/\/asleman.org\/wp-content\/uploads\/2026\/01\/RS_P1022307-scaled.jpg\" data-width=\"2560\" data-height=\"1920\" aria-label=\"\" role=\"img\" ><\/div>\n\t\t\t\t\t\t\t\t\t\t\t<div class=\"elementor-gallery-item__overlay\"><\/div>\n\t\t\t\t\t\t\t\t\t\t\t\t\t\t\t<div class=\"elementor-gallery-item__content\">\n\t\t\t\t\t\t\t\t\t\t\t<\/div>\n\t\t\t\t\t\t\t\t\t<\/a>\n\t\t\t\t\t\t\t<a class=\"e-gallery-item elementor-gallery-item\" href=\"https:\/\/asleman.org\/wp-content\/uploads\/2026\/01\/RS_P1022153-scaled.jpg\" data-elementor-open-lightbox=\"yes\" data-elementor-lightbox-slideshow=\"77c69cb\" data-elementor-lightbox-description=\"Conf\u00e9rence de presse de la Biennale aux Bains des P\u00e2quis\" data-e-action-hash=\"#elementor-action%3Aaction%3Dlightbox%26settings%3DeyJpZCI6MjIxMjgsInVybCI6Imh0dHBzOlwvXC9hc2xlbWFuLm9yZ1wvd3AtY29udGVudFwvdXBsb2Fkc1wvMjAyNlwvMDFcL1JTX1AxMDIyMTUzLXNjYWxlZC5qcGciLCJzbGlkZXNob3ciOiI3N2M2OWNiIn0%3D\">\n\t\t\t\t\t<div class=\"e-gallery-image elementor-gallery-item__image\" data-thumbnail=\"https:\/\/asleman.org\/wp-content\/uploads\/2026\/01\/RS_P1022153-scaled.jpg\" data-width=\"2560\" data-height=\"1442\" aria-label=\"\" role=\"img\" ><\/div>\n\t\t\t\t\t\t\t\t\t\t\t<div class=\"elementor-gallery-item__overlay\"><\/div>\n\t\t\t\t\t\t\t\t\t\t\t\t\t\t\t<div class=\"elementor-gallery-item__content\">\n\t\t\t\t\t\t\t\t\t\t\t<\/div>\n\t\t\t\t\t\t\t\t\t<\/a>\n\t\t\t\t\t<\/div>\n\t\t\t\t\t<\/div>\n\t\t\t\t<\/div>\n\t\t\t\t\t<\/div>\n\t\t\t\t<\/div>\n\t\t<div class=\"elementor-element elementor-element-41f3689 e-flex e-con-boxed e-con e-parent\" data-id=\"41f3689\" data-element_type=\"container\" data-e-type=\"container\">\n\t\t\t\t\t<div class=\"e-con-inner\">\n\t\t\t\t\t<\/div>\n\t\t\t\t<\/div>\n\t\t\t\t<\/div>","protected":false},"excerpt":{"rendered":"<p>Biennale (re)connecting.earth (02) &#8211; Beyond Water 1 septembre au 1 octobre 2023 Biennale de l\u2019Art et de la Nature Urbaine L\u2019ASL a collabor\u00e9 \u00e0 la 2\u00e8me Biennale de l\u2019Art et de la Nature Urbaine qui a eu lieu \u00e0 Gen\u00e8ve du 1er septembre au 1er octobre 2023. Cette \u00e9dition appel\u00e9e \u00ab\u00a0Beyond Water\u00a0\u00bb, se concentrait sur [&hellip;]<\/p>\n","protected":false},"author":7,"featured_media":0,"parent":0,"menu_order":0,"comment_status":"closed","ping_status":"closed","template":"elementor_header_footer","meta":{"_acf_changed":false,"_seopress_robots_primary_cat":"","_seopress_titles_title":"","_seopress_titles_desc":"","_seopress_robots_index":"","footnotes":""},"class_list":["post-22011","page","type-page","status-publish","hentry"],"acf":[],"ase":null,"_links":{"self":[{"href":"https:\/\/asleman.org\/en\/wp-json\/wp\/v2\/pages\/22011","targetHints":{"allow":["GET"]}}],"collection":[{"href":"https:\/\/asleman.org\/en\/wp-json\/wp\/v2\/pages"}],"about":[{"href":"https:\/\/asleman.org\/en\/wp-json\/wp\/v2\/types\/page"}],"author":[{"embeddable":true,"href":"https:\/\/asleman.org\/en\/wp-json\/wp\/v2\/users\/7"}],"replies":[{"embeddable":true,"href":"https:\/\/asleman.org\/en\/wp-json\/wp\/v2\/comments?post=22011"}],"version-history":[{"count":11,"href":"https:\/\/asleman.org\/en\/wp-json\/wp\/v2\/pages\/22011\/revisions"}],"predecessor-version":[{"id":22141,"href":"https:\/\/asleman.org\/en\/wp-json\/wp\/v2\/pages\/22011\/revisions\/22141"}],"wp:attachment":[{"href":"https:\/\/asleman.org\/en\/wp-json\/wp\/v2\/media?parent=22011"}],"curies":[{"name":"wp","href":"https:\/\/api.w.org\/{rel}","templated":true}]}}